{"id":79,"date":"2020-05-04T16:03:01","date_gmt":"2020-05-04T14:03:01","guid":{"rendered":"http:\/\/ladressenantes.com\/?page_id=79"},"modified":"2020-05-04T16:26:55","modified_gmt":"2020-05-04T14:26:55","slug":"mentions-legales","status":"publish","type":"page","link":"https:\/\/ladressenantes.com\/index.php\/mentions-legales\/","title":{"rendered":""},"content":{"rendered":"\t\t<div data-elementor-type=\"wp-page\" data-elementor-id=\"79\" class=\"elementor elementor-79\" data-elementor-settings=\"[]\">\n\t\t\t\t\t\t<div class=\"elementor-inner\">\n\t\t\t\t\t\t\t<div class=\"elementor-section-wrap\">\n\t\t\t\t\t\t\t<section class=\"elementor-section elementor-top-section elementor-element elementor-element-8696682 elementor-section-boxed elementor-section-height-default elementor-section-height-default\" data-id=\"8696682\" data-element_type=\"section\">\n\t\t\t\t\t\t<div class=\"elementor-container elementor-column-gap-default\">\n\t\t\t\t\t\t\t<div class=\"elementor-row\">\n\t\t\t\t\t<div class=\"elementor-column elementor-col-100 elementor-top-column elementor-element elementor-element-5123df1\" data-id=\"5123df1\" data-element_type=\"column\">\n\t\t\t<div class=\"elementor-column-wrap elementor-element-populated\">\n\t\t\t\t\t\t\t<div class=\"elementor-widget-wrap\">\n\t\t\t\t\t\t<section class=\"elementor-section elementor-inner-section elementor-element elementor-element-d9eabb1 elementor-section-boxed elementor-section-height-default elementor-section-height-default\" data-id=\"d9eabb1\" data-element_type=\"section\">\n\t\t\t\t\t\t<div class=\"elementor-container elementor-column-gap-default\">\n\t\t\t\t\t\t\t<div class=\"elementor-row\">\n\t\t\t\t\t<div class=\"elementor-column elementor-col-100 elementor-inner-column elementor-element elementor-element-1834955\" data-id=\"1834955\" data-element_type=\"column\">\n\t\t\t<div class=\"elementor-column-wrap elementor-element-populated\">\n\t\t\t\t\t\t\t<div class=\"elementor-widget-wrap\">\n\t\t\t\t\t\t<div class=\"elementor-element elementor-element-9c97665 elementor-widget elementor-widget-heading\" data-id=\"9c97665\" data-element_type=\"widget\" data-widget_type=\"heading.default\">\n\t\t\t\t<div class=\"elementor-widget-container\">\n\t\t\t<h2 class=\"elementor-heading-title elementor-size-default\">MENTIONS L\u00c9GALES<\/h2>\t\t<\/div>\n\t\t\t\t<\/div>\n\t\t\t\t<div class=\"elementor-element elementor-element-2cb2064 elementor-widget elementor-widget-text-editor\" data-id=\"2cb2064\" data-element_type=\"widget\" data-widget_type=\"text-editor.default\">\n\t\t\t\t<div class=\"elementor-widget-container\">\n\t\t\t\t\t<div class=\"elementor-text-editor elementor-clearfix\"><p>Ce site web est la propri\u00e9t\u00e9 de :<br \/>NEW MEETING CAFE<br \/>11 Rue Erlon<br \/>44000 NANTES.<\/p><p>SIRET 50537181500018<br \/>RCS Nantes B 505 371 815<\/p><p>En utilisant et en parcourant ce site vous acceptez de vous conformer aux pr\u00e9sentes conditions d\u2019utilisation que vous avez lues comprises et accept\u00e9es dans leur int\u00e9gralit\u00e9.<br \/>Conform\u00e9ment \u00e0 la l\u00e9gislation en vigueur, vous disposez d\u2019un droit d\u2019acc\u00e8s, de modification, de rectification et de suppression des donn\u00e9es nominatives qui vous concernent, en adressant votre demande exclusivement par courrier \u00e0 NEW MEETING CAFE.<br \/>Le contenu de ce site web peut \u00eatre modifi\u00e9, suspendu ou mis \u00e0 jour \u00e0 tout moment, pour toutes raisons et \u00e0 la seule discr\u00e9tion de NEW MEETING CAFE.<br \/>Les sites ext\u00e9rieurs de NEW MEETING CAFE\u00a0ayant un lien hypertexte avec le pr\u00e9sent site ne sont pas sous contr\u00f4le de NEW MEETING CAFE, qui par cons\u00e9quent, d\u00e9cline toute responsabilit\u00e9 quant \u00e0 leur contenu.<br \/>Ce site web constitue une \u0153uvre prot\u00e9g\u00e9e par le Code de la propri\u00e9t\u00e9 intellectuelle et par les conventions internationales en vigueur sur le droit d\u2019auteur.<br \/>Les marques et logos figurant sur ce site sont des marques d\u00e9pos\u00e9es. Aucune licence ni droit d\u2019utilisation ne sauraient \u00eatre attribu\u00e9es sur l\u2019une quelconque des marques ou logos figurant sur le site, qui ne peuvent donc \u00eatre utilis\u00e9es sans le consentement pr\u00e9alable et \u00e9crit du propri\u00e9taire.<br \/>Les photographies utilis\u00e9es dans ce site font l\u2019objet de droits r\u00e9serv\u00e9s. Elles ne peuvent \u00eatre r\u00e9utilis\u00e9es sans l\u2019autorisation pr\u00e9ablable de NEW MEETING CAFE\u00a0et\/ou de leur auteur.<br \/>NEW MEETING CAFE\u00a0ne peut garantir, \u00e0 tout moment, l\u2019exhaustivit\u00e9 et l\u2019exactitude des informations diffus\u00e9es ni \u00eatre tenu pour responsable des suites de leur utilisation par les internautes.<br \/>\u00a9 2014\u00a0NEW MEETING CAFE<\/p><\/div>\n\t\t\t\t<\/div>\n\t\t\t\t<\/div>\n\t\t\t\t\t\t<\/div>\n\t\t\t\t\t<\/div>\n\t\t<\/div>\n\t\t\t\t\t\t\t\t<\/div>\n\t\t\t\t\t<\/div>\n\t\t<\/section>\n\t\t\t\t\t\t<\/div>\n\t\t\t\t\t<\/div>\n\t\t<\/div>\n\t\t\t\t\t\t\t\t<\/div>\n\t\t\t\t\t<\/div>\n\t\t<\/section>\n\t\t\t\t\t\t<\/div>\n\t\t\t\t\t\t<\/div>\n\t\t\t\t\t<\/div>\n\t\t","protected":false},"excerpt":{"rendered":"<p>MENTIONS L\u00c9GALES Ce site web est la propri\u00e9t\u00e9 de :NEW MEETING CAFE11 Rue Erlon44000 NANTES. SIRET 50537181500018RCS Nantes B 505 371 815 En utilisant et en parcourant ce site vous acceptez de vous conformer aux pr\u00e9sentes conditions d\u2019utilisation que vous avez lues comprises et accept\u00e9es dans leur int\u00e9gralit\u00e9.Conform\u00e9ment \u00e0 la l\u00e9gislation en vigueur, vous disposez [&hellip;]<\/p>\n","protected":false},"author":1,"featured_media":0,"parent":0,"menu_order":0,"comment_status":"closed","ping_status":"closed","template":"","meta":[],"_links":{"self":[{"href":"https:\/\/ladressenantes.com\/index.php\/wp-json\/wp\/v2\/pages\/79"}],"collection":[{"href":"https:\/\/ladressenantes.com\/index.php\/wp-json\/wp\/v2\/pages"}],"about":[{"href":"https:\/\/ladressenantes.com\/index.php\/wp-json\/wp\/v2\/types\/page"}],"author":[{"embeddable":true,"href":"https:\/\/ladressenantes.com\/index.php\/wp-json\/wp\/v2\/users\/1"}],"replies":[{"embeddable":true,"href":"https:\/\/ladressenantes.com\/index.php\/wp-json\/wp\/v2\/comments?post=79"}],"version-history":[{"count":5,"href":"https:\/\/ladressenantes.com\/index.php\/wp-json\/wp\/v2\/pages\/79\/revisions"}],"predecessor-version":[{"id":109,"href":"https:\/\/ladressenantes.com\/index.php\/wp-json\/wp\/v2\/pages\/79\/revisions\/109"}],"wp:attachment":[{"href":"https:\/\/ladressenantes.com\/index.php\/wp-json\/wp\/v2\/media?parent=79"}],"curies":[{"name":"wp","href":"https:\/\/api.w.org\/{rel}","templated":true}]}}